{"id":349,"date":"2022-12-08T03:44:12","date_gmt":"2022-12-08T03:44:12","guid":{"rendered":"https:\/\/www.letrawater.com\/?page_id=349"},"modified":"2022-12-14T23:55:57","modified_gmt":"2022-12-14T23:55:57","slug":"vertical-multistage-in-line-pumps","status":"publish","type":"page","link":"https:\/\/www.letrawater.com\/en\/vertical-multistage-in-line-pumps\/","title":{"rendered":"Vertical Multistage In-Line Pumps"},"content":{"rendered":"\n<p>Bas\u0131n\u00e7land\u0131rma uygulamalar\u0131 i\u00e7in y\u00fcksek verimli, uzun \u00f6m\u00fcrl\u00fc, g\u00fcvenilir \u00e7\u00f6z\u00fcmler\u2026<\/p>\n","protected":false},"excerpt":{"rendered":"<p>Bas\u0131n\u00e7land\u0131rma uygulamalar\u0131 i\u00e7in y\u00fcksek verimli, uzun \u00f6m\u00fcrl\u00fc, g\u00fcvenilir \u00e7\u00f6z\u00fcmler\u2026<\/p>\n","protected":false},"author":1,"featured_media":132,"parent":0,"menu_order":5,"comment_status":"closed","ping_status":"closed","template":"","meta":[],"yoast_head":"<!-- This site is optimized with the Yoast SEO plugin v20.0 - https:\/\/yoast.com\/wordpress\/plugins\/seo\/ -->\n<title>Vertical Multistage In-Line Pumps - Letrawater<\/title>\n<meta name=\"robots\" content=\"index, follow, max-snippet:-1, max-image-preview:large, max-video-preview:-1\" \/>\n<link rel=\"canonical\" href=\"https:\/\/www.letrawater.com\/en\/vertical-multistage-in-line-pumps\/\" \/>\n<meta property=\"og:locale\" content=\"en_US\" \/>\n<meta property=\"og:type\" content=\"article\" \/>\n<meta property=\"og:title\" content=\"Vertical Multistage In-Line Pumps - Letrawater\" \/>\n<meta property=\"og:description\" content=\"Bas\u0131n\u00e7land\u0131rma uygulamalar\u0131 i\u00e7in y\u00fcksek verimli, uzun \u00f6m\u00fcrl\u00fc, g\u00fcvenilir \u00e7\u00f6z\u00fcmler\u2026\" \/>\n<meta property=\"og:url\" content=\"https:\/\/www.letrawater.com\/en\/vertical-multistage-in-line-pumps\/\" \/>\n<meta property=\"og:site_name\" content=\"Letrawater\" \/>\n<meta property=\"article:modified_time\" content=\"2022-12-14T23:55:57+00:00\" \/>\n<meta property=\"og:image\" content=\"https:\/\/www.letrawater.com\/wp-content\/uploads\/dik-milli-pompalar-letra-water.png\" \/>\n\t<meta property=\"og:image:width\" content=\"768\" \/>\n\t<meta property=\"og:image:height\" content=\"738\" \/>\n\t<meta property=\"og:image:type\" content=\"image\/png\" \/>\n<meta name=\"twitter:card\" content=\"summary_large_image\" \/>\n<meta name=\"twitter:label1\" content=\"Est. reading time\" \/>\n\t<meta name=\"twitter:data1\" content=\"1 minute\" \/>\n<script type=\"application\/ld+json\" class=\"yoast-schema-graph\">{\"@context\":\"https:\/\/schema.org\",\"@graph\":[{\"@type\":\"WebPage\",\"@id\":\"https:\/\/www.letrawater.com\/en\/vertical-multistage-in-line-pumps\/\",\"url\":\"https:\/\/www.letrawater.com\/en\/vertical-multistage-in-line-pumps\/\",\"name\":\"Vertical Multistage In-Line Pumps - Letrawater\",\"isPartOf\":{\"@id\":\"https:\/\/www.letrawater.com\/#website\"},\"datePublished\":\"2022-12-08T03:44:12+00:00\",\"dateModified\":\"2022-12-14T23:55:57+00:00\",\"breadcrumb\":{\"@id\":\"https:\/\/www.letrawater.com\/en\/vertical-multistage-in-line-pumps\/#breadcrumb\"},\"inLanguage\":\"en-US\",\"potentialAction\":[{\"@type\":\"ReadAction\",\"target\":[\"https:\/\/www.letrawater.com\/en\/vertical-multistage-in-line-pumps\/\"]}]},{\"@type\":\"BreadcrumbList\",\"@id\":\"https:\/\/www.letrawater.com\/en\/vertical-multistage-in-line-pumps\/#breadcrumb\",\"itemListElement\":[{\"@type\":\"ListItem\",\"position\":1,\"name\":\"Anasayfa\",\"item\":\"https:\/\/www.letrawater.com\/en\/\"},{\"@type\":\"ListItem\",\"position\":2,\"name\":\"Vertical Multistage In-Line Pumps\"}]},{\"@type\":\"WebSite\",\"@id\":\"https:\/\/www.letrawater.com\/#website\",\"url\":\"https:\/\/www.letrawater.com\/\",\"name\":\"Letrawater\",\"description\":\"\",\"potentialAction\":[{\"@type\":\"SearchAction\",\"target\":{\"@type\":\"EntryPoint\",\"urlTemplate\":\"https:\/\/www.letrawater.com\/?s={search_term_string}\"},\"query-input\":\"required name=search_term_string\"}],\"inLanguage\":\"en-US\"}]}<\/script>\n<!-- \/ Yoast SEO plugin. -->","yoast_head_json":{"title":"Vertical Multistage In-Line Pumps - Letrawater","robots":{"index":"index","follow":"follow","max-snippet":"max-snippet:-1","max-image-preview":"max-image-preview:large","max-video-preview":"max-video-preview:-1"},"canonical":"https:\/\/www.letrawater.com\/en\/vertical-multistage-in-line-pumps\/","og_locale":"en_US","og_type":"article","og_title":"Vertical Multistage In-Line Pumps - Letrawater","og_description":"Bas\u0131n\u00e7land\u0131rma uygulamalar\u0131 i\u00e7in y\u00fcksek verimli, uzun \u00f6m\u00fcrl\u00fc, g\u00fcvenilir \u00e7\u00f6z\u00fcmler\u2026","og_url":"https:\/\/www.letrawater.com\/en\/vertical-multistage-in-line-pumps\/","og_site_name":"Letrawater","article_modified_time":"2022-12-14T23:55:57+00:00","og_image":[{"width":768,"height":738,"url":"https:\/\/www.letrawater.com\/wp-content\/uploads\/dik-milli-pompalar-letra-water.png","type":"image\/png"}],"twitter_card":"summary_large_image","twitter_misc":{"Est. reading time":"1 minute"},"schema":{"@context":"https:\/\/schema.org","@graph":[{"@type":"WebPage","@id":"https:\/\/www.letrawater.com\/en\/vertical-multistage-in-line-pumps\/","url":"https:\/\/www.letrawater.com\/en\/vertical-multistage-in-line-pumps\/","name":"Vertical Multistage In-Line Pumps - Letrawater","isPartOf":{"@id":"https:\/\/www.letrawater.com\/#website"},"datePublished":"2022-12-08T03:44:12+00:00","dateModified":"2022-12-14T23:55:57+00:00","breadcrumb":{"@id":"https:\/\/www.letrawater.com\/en\/vertical-multistage-in-line-pumps\/#breadcrumb"},"inLanguage":"en-US","potentialAction":[{"@type":"ReadAction","target":["https:\/\/www.letrawater.com\/en\/vertical-multistage-in-line-pumps\/"]}]},{"@type":"BreadcrumbList","@id":"https:\/\/www.letrawater.com\/en\/vertical-multistage-in-line-pumps\/#breadcrumb","itemListElement":[{"@type":"ListItem","position":1,"name":"Anasayfa","item":"https:\/\/www.letrawater.com\/en\/"},{"@type":"ListItem","position":2,"name":"Vertical Multistage In-Line Pumps"}]},{"@type":"WebSite","@id":"https:\/\/www.letrawater.com\/#website","url":"https:\/\/www.letrawater.com\/","name":"Letrawater","description":"","potentialAction":[{"@type":"SearchAction","target":{"@type":"EntryPoint","urlTemplate":"https:\/\/www.letrawater.com\/?s={search_term_string}"},"query-input":"required name=search_term_string"}],"inLanguage":"en-US"}]}},"_links":{"self":[{"href":"https:\/\/www.letrawater.com\/en\/wp-json\/wp\/v2\/pages\/349"}],"collection":[{"href":"https:\/\/www.letrawater.com\/en\/wp-json\/wp\/v2\/pages"}],"about":[{"href":"https:\/\/www.letrawater.com\/en\/wp-json\/wp\/v2\/types\/page"}],"author":[{"embeddable":true,"href":"https:\/\/www.letrawater.com\/en\/wp-json\/wp\/v2\/users\/1"}],"replies":[{"embeddable":true,"href":"https:\/\/www.letrawater.com\/en\/wp-json\/wp\/v2\/comments?post=349"}],"version-history":[{"count":1,"href":"https:\/\/www.letrawater.com\/en\/wp-json\/wp\/v2\/pages\/349\/revisions"}],"predecessor-version":[{"id":350,"href":"https:\/\/www.letrawater.com\/en\/wp-json\/wp\/v2\/pages\/349\/revisions\/350"}],"wp:featuredmedia":[{"embeddable":true,"href":"https:\/\/www.letrawater.com\/en\/wp-json\/wp\/v2\/media\/132"}],"wp:attachment":[{"href":"https:\/\/www.letrawater.com\/en\/wp-json\/wp\/v2\/media?parent=349"}],"curies":[{"name":"wp","href":"https:\/\/api.w.org\/{rel}","templated":true}]}}