{"id":345,"date":"2022-12-08T03:43:25","date_gmt":"2022-12-08T03:43:25","guid":{"rendered":"https:\/\/www.letrawater.com\/?page_id=345"},"modified":"2022-12-14T23:42:03","modified_gmt":"2022-12-14T23:42:03","slug":"4-submersible-pumps-motors","status":"publish","type":"page","link":"https:\/\/www.letrawater.com\/en\/4-submersible-pumps-motors\/","title":{"rendered":"4\" Submersible Pumps &#038; Motors"},"content":{"rendered":"\n<p>Noryl Fanl\u0131 4\" Dalg\u0131\u00e7 Pompalar \/ Ya\u011f ile Ya\u011flamal\u0131-So\u011futmal\u0131 4\" Dalg\u0131\u00e7 Motorlar<\/p>\n","protected":false},"excerpt":{"rendered":"<p>Noryl Fanl\u0131 4\" Dalg\u0131\u00e7 Pompalar \/ Ya\u011f ile Ya\u011flamal\u0131-So\u011futmal\u0131 4\" Dalg\u0131\u00e7 Motorlar<\/p>\n","protected":false},"author":1,"featured_media":131,"parent":0,"menu_order":4,"comment_status":"closed","ping_status":"closed","template":"","meta":[],"yoast_head":"<!-- This site is optimized with the Yoast SEO plugin v20.0 - https:\/\/yoast.com\/wordpress\/plugins\/seo\/ -->\n<title>4&quot; Submersible Pumps &amp; Motors - Letrawater<\/title>\n<meta name=\"robots\" content=\"index, follow, max-snippet:-1, max-image-preview:large, max-video-preview:-1\" \/>\n<link rel=\"canonical\" href=\"https:\/\/www.letrawater.com\/en\/4-submersible-pumps-motors\/\" \/>\n<meta property=\"og:locale\" content=\"en_US\" \/>\n<meta property=\"og:type\" content=\"article\" \/>\n<meta property=\"og:title\" content=\"4&quot; Submersible Pumps &amp; Motors - Letrawater\" \/>\n<meta property=\"og:description\" content=\"Noryl Fanl\u0131 4&quot; Dalg\u0131\u00e7 Pompalar \/ Ya\u011f ile Ya\u011flamal\u0131-So\u011futmal\u0131 4&quot; Dalg\u0131\u00e7 Motorlar\" \/>\n<meta property=\"og:url\" content=\"https:\/\/www.letrawater.com\/en\/4-submersible-pumps-motors\/\" \/>\n<meta property=\"og:site_name\" content=\"Letrawater\" \/>\n<meta property=\"article:modified_time\" content=\"2022-12-14T23:42:03+00:00\" \/>\n<meta property=\"og:image\" content=\"https:\/\/www.letrawater.com\/wp-content\/uploads\/4inc-pumps-letra-water.png\" \/>\n\t<meta property=\"og:image:width\" content=\"600\" \/>\n\t<meta property=\"og:image:height\" content=\"689\" \/>\n\t<meta property=\"og:image:type\" content=\"image\/png\" \/>\n<meta name=\"twitter:card\" content=\"summary_large_image\" \/>\n<meta name=\"twitter:label1\" content=\"Est. reading time\" \/>\n\t<meta name=\"twitter:data1\" content=\"1 minute\" \/>\n<script type=\"application\/ld+json\" class=\"yoast-schema-graph\">{\"@context\":\"https:\/\/schema.org\",\"@graph\":[{\"@type\":\"WebPage\",\"@id\":\"https:\/\/www.letrawater.com\/en\/4-submersible-pumps-motors\/\",\"url\":\"https:\/\/www.letrawater.com\/en\/4-submersible-pumps-motors\/\",\"name\":\"4\\\" Submersible Pumps & Motors - Letrawater\",\"isPartOf\":{\"@id\":\"https:\/\/www.letrawater.com\/#website\"},\"datePublished\":\"2022-12-08T03:43:25+00:00\",\"dateModified\":\"2022-12-14T23:42:03+00:00\",\"breadcrumb\":{\"@id\":\"https:\/\/www.letrawater.com\/en\/4-submersible-pumps-motors\/#breadcrumb\"},\"inLanguage\":\"en-US\",\"potentialAction\":[{\"@type\":\"ReadAction\",\"target\":[\"https:\/\/www.letrawater.com\/en\/4-submersible-pumps-motors\/\"]}]},{\"@type\":\"BreadcrumbList\",\"@id\":\"https:\/\/www.letrawater.com\/en\/4-submersible-pumps-motors\/#breadcrumb\",\"itemListElement\":[{\"@type\":\"ListItem\",\"position\":1,\"name\":\"Anasayfa\",\"item\":\"https:\/\/www.letrawater.com\/en\/\"},{\"@type\":\"ListItem\",\"position\":2,\"name\":\"4\\\" Submersible Pumps &#038; Motors\"}]},{\"@type\":\"WebSite\",\"@id\":\"https:\/\/www.letrawater.com\/#website\",\"url\":\"https:\/\/www.letrawater.com\/\",\"name\":\"Letrawater\",\"description\":\"\",\"potentialAction\":[{\"@type\":\"SearchAction\",\"target\":{\"@type\":\"EntryPoint\",\"urlTemplate\":\"https:\/\/www.letrawater.com\/?s={search_term_string}\"},\"query-input\":\"required name=search_term_string\"}],\"inLanguage\":\"en-US\"}]}<\/script>\n<!-- \/ Yoast SEO plugin. -->","yoast_head_json":{"title":"4\" Submersible Pumps & Motors - Letrawater","robots":{"index":"index","follow":"follow","max-snippet":"max-snippet:-1","max-image-preview":"max-image-preview:large","max-video-preview":"max-video-preview:-1"},"canonical":"https:\/\/www.letrawater.com\/en\/4-submersible-pumps-motors\/","og_locale":"en_US","og_type":"article","og_title":"4\" Submersible Pumps & Motors - Letrawater","og_description":"Noryl Fanl\u0131 4\" Dalg\u0131\u00e7 Pompalar \/ Ya\u011f ile Ya\u011flamal\u0131-So\u011futmal\u0131 4\" Dalg\u0131\u00e7 Motorlar","og_url":"https:\/\/www.letrawater.com\/en\/4-submersible-pumps-motors\/","og_site_name":"Letrawater","article_modified_time":"2022-12-14T23:42:03+00:00","og_image":[{"width":600,"height":689,"url":"https:\/\/www.letrawater.com\/wp-content\/uploads\/4inc-pumps-letra-water.png","type":"image\/png"}],"twitter_card":"summary_large_image","twitter_misc":{"Est. reading time":"1 minute"},"schema":{"@context":"https:\/\/schema.org","@graph":[{"@type":"WebPage","@id":"https:\/\/www.letrawater.com\/en\/4-submersible-pumps-motors\/","url":"https:\/\/www.letrawater.com\/en\/4-submersible-pumps-motors\/","name":"4\" Submersible Pumps & Motors - Letrawater","isPartOf":{"@id":"https:\/\/www.letrawater.com\/#website"},"datePublished":"2022-12-08T03:43:25+00:00","dateModified":"2022-12-14T23:42:03+00:00","breadcrumb":{"@id":"https:\/\/www.letrawater.com\/en\/4-submersible-pumps-motors\/#breadcrumb"},"inLanguage":"en-US","potentialAction":[{"@type":"ReadAction","target":["https:\/\/www.letrawater.com\/en\/4-submersible-pumps-motors\/"]}]},{"@type":"BreadcrumbList","@id":"https:\/\/www.letrawater.com\/en\/4-submersible-pumps-motors\/#breadcrumb","itemListElement":[{"@type":"ListItem","position":1,"name":"Anasayfa","item":"https:\/\/www.letrawater.com\/en\/"},{"@type":"ListItem","position":2,"name":"4\" Submersible Pumps &#038; Motors"}]},{"@type":"WebSite","@id":"https:\/\/www.letrawater.com\/#website","url":"https:\/\/www.letrawater.com\/","name":"Letrawater","description":"","potentialAction":[{"@type":"SearchAction","target":{"@type":"EntryPoint","urlTemplate":"https:\/\/www.letrawater.com\/?s={search_term_string}"},"query-input":"required name=search_term_string"}],"inLanguage":"en-US"}]}},"_links":{"self":[{"href":"https:\/\/www.letrawater.com\/en\/wp-json\/wp\/v2\/pages\/345"}],"collection":[{"href":"https:\/\/www.letrawater.com\/en\/wp-json\/wp\/v2\/pages"}],"about":[{"href":"https:\/\/www.letrawater.com\/en\/wp-json\/wp\/v2\/types\/page"}],"author":[{"embeddable":true,"href":"https:\/\/www.letrawater.com\/en\/wp-json\/wp\/v2\/users\/1"}],"replies":[{"embeddable":true,"href":"https:\/\/www.letrawater.com\/en\/wp-json\/wp\/v2\/comments?post=345"}],"version-history":[{"count":1,"href":"https:\/\/www.letrawater.com\/en\/wp-json\/wp\/v2\/pages\/345\/revisions"}],"predecessor-version":[{"id":346,"href":"https:\/\/www.letrawater.com\/en\/wp-json\/wp\/v2\/pages\/345\/revisions\/346"}],"wp:featuredmedia":[{"embeddable":true,"href":"https:\/\/www.letrawater.com\/en\/wp-json\/wp\/v2\/media\/131"}],"wp:attachment":[{"href":"https:\/\/www.letrawater.com\/en\/wp-json\/wp\/v2\/media?parent=345"}],"curies":[{"name":"wp","href":"https:\/\/api.w.org\/{rel}","templated":true}]}}